{"id":1629,"date":"2018-08-15T14:16:16","date_gmt":"2018-08-15T12:16:16","guid":{"rendered":"https:\/\/imagefiguren.de\/?page_id=1629"},"modified":"2018-08-18T10:56:06","modified_gmt":"2018-08-18T08:56:06","slug":"newsletter","status":"publish","type":"page","link":"https:\/\/imagefiguren.de\/en\/newsletter.html","title":{"rendered":"Cartoon-Newsletter"},"content":{"rendered":"<p><p><div class=\"tnp tnp-subscription \">\n<form method=\"post\" action=\"https:\/\/imagefiguren.de\/wp-admin\/admin-ajax.php?action=tnp&amp;na=s\">\n<input type=\"hidden\" name=\"nlang\" value=\"\">\n<div class=\"tnp-field tnp-field-email\"><label for=\"tnp-3\">Email<\/label>\n<input class=\"tnp-email\" type=\"email\" name=\"ne\" id=\"tnp-3\" value=\"\" placeholder=\"\" required><\/div>\n<div class=\"tnp-field tnp-privacy-field\"><label><input type=\"checkbox\" name=\"ny\" required class=\"tnp-privacy\"> <a target=\"_blank\" href=\"https:\/\/imagefiguren.de\/datenschutz.html\">Ich bin damit einverstanden, dass Armin Sch\u00f6ntag Imagefiguren, mich regelm\u00e4\u00dfig per E-Mail (Newsletter) \u00fcber neue Cartoons und Dienstleistungen informiert. Diese Einwilligung kann ich jederzeit durch formlose Mitteilung oder durch Klick auf den \u201eAbmelden\u201c-Link f\u00fcr die Zukunft widerrufen. Details entnehmen Sie der Datenschutzerkl\u00e4rung (Datenschutz).<\/a><\/label><\/div><div class=\"tnp-field tnp-field-button\" style=\"text-align: left\"><input class=\"tnp-submit\" type=\"submit\" value=\"Cartoon Newsletter jetzt bestellen\" style=\"\">\n<\/div>\n<\/form>\n<\/div>\n<\/p><\/p>\n<h2>Newsletter with funny Hitzlifitzli cartoon<\/h2>\n<ul>\n<li>We provide you with our latest Hitzlifitzli cartoon, short and easy. Just enter your email-address &#8211; mark the privacy-checkbox and click on the button <em>Subscribe Cartoon Newsletter<\/em><\/li>\n<li>For an overview about the latest cartoons please click here: <a title=\"Cartoon Overview\" href=\"https:\/\/imagefiguren.de\/en\/cartoons\">Cartoons<\/a><\/li>\n<li>Under the following link you will find examples how to embed my cartoons into your homepage: <a title=\"Embedding a cartoon into your homepage\" href=\"https:\/\/imagefiguren.de\/en\/lustige-cartoons-einbinden.html\">Embedding Cartoons<\/a><\/li>\n<\/ul>\n<p><a href=\"https:\/\/imagefiguren.de\/wp-content\/uploads\/lustiger-cartoon-newsletter-screenshot-1.jpg\"><img loading=\"lazy\" decoding=\"async\" data-id=\"1645\" title=\"Newsletter Example\" src=\"https:\/\/imagefiguren.de\/wp-content\/uploads\/lustiger-cartoon-newsletter-screenshot-1-316x1024.jpg\" alt=\"cartoon newsletter screenshot\" width=\"316\" height=\"1024\" class=\"aligncenter size-large wp-image-1645\" srcset=\"https:\/\/imagefiguren.de\/wp-content\/uploads\/lustiger-cartoon-newsletter-screenshot-1-316x1024.jpg 316w, https:\/\/imagefiguren.de\/wp-content\/uploads\/lustiger-cartoon-newsletter-screenshot-1-93x300.jpg 93w, https:\/\/imagefiguren.de\/wp-content\/uploads\/lustiger-cartoon-newsletter-screenshot-1.jpg 538w\" sizes=\"auto, (max-width: 316px) 100vw, 316px\" \/><\/a><\/p>\n<p><\/p>","protected":false},"excerpt":{"rendered":"<p>Newsletter with funny Hitzlifitzli cartoon We provide you with our latest Hitzlifitzli cartoon, short and easy. Just enter your email-address &#8211; mark the privacy-checkbox and click on the button Subscribe Cartoon Newsletter For an overview about the latest cartoons please click here: Cartoons Under the following link you will find examples how to embed my &hellip; <\/p>\n<p class=\"link-more\"><a href=\"https:\/\/imagefiguren.de\/en\/newsletter.html\" class=\"more-link\">Continue reading<span class=\"screen-reader-text\"> &#8220;Cartoon-Newsletter&#8221;<\/span><\/a><\/p>\n","protected":false},"author":2,"featured_media":0,"parent":0,"menu_order":0,"comment_status":"closed","ping_status":"closed","template":"","meta":{"footnotes":""},"class_list":["post-1629","page","type-page","status-publish","hentry"],"yoast_head":"<!-- This site is optimized with the Yoast SEO plugin v27.5 - https:\/\/yoast.com\/product\/yoast-seo-wordpress\/ -->\n<title>Cartoon-Newsletter<\/title>\n<meta name=\"robots\" content=\"index, follow, max-snippet:-1, max-image-preview:large, max-video-preview:-1\" \/>\n<link rel=\"canonical\" href=\"https:\/\/imagefiguren.de\/en\/newsletter.html\" \/>\n<meta property=\"og:locale\" content=\"en_US\" \/>\n<meta property=\"og:type\" content=\"article\" \/>\n<meta property=\"og:title\" content=\"Cartoon-Newsletter\" \/>\n<meta property=\"og:description\" content=\"Newsletter with funny Hitzlifitzli cartoon We provide you with our latest Hitzlifitzli cartoon, short and easy. Just enter your email-address &#8211; mark the privacy-checkbox and click on the button Subscribe Cartoon Newsletter For an overview about the latest cartoons please click here: Cartoons Under the following link you will find examples how to embed my &hellip; Continue reading &quot;Cartoon-Newsletter&quot;\" \/>\n<meta property=\"og:url\" content=\"https:\/\/imagefiguren.de\/en\/newsletter.html\" \/>\n<meta property=\"og:site_name\" content=\"Imagefiguren by Armin Schoentag\" \/>\n<meta property=\"article:publisher\" content=\"https:\/\/www.facebook.com\/imagefiguren\/\" \/>\n<meta property=\"article:modified_time\" content=\"2018-08-18T08:56:06+00:00\" \/>\n<meta property=\"og:image\" content=\"https:\/\/imagefiguren.de\/wp-content\/uploads\/lustiger-cartoon-newsletter-screenshot-1-316x1024.jpg\" \/>\n<meta name=\"twitter:card\" content=\"summary_large_image\" \/>\n<meta name=\"twitter:site\" content=\"@Imagefiguren\" \/>\n<meta name=\"twitter:label1\" content=\"Est. reading time\" \/>\n\t<meta name=\"twitter:data1\" content=\"1 minute\" \/>\n<script type=\"application\/ld+json\" class=\"yoast-schema-graph\">{\"@context\":\"https:\\\/\\\/schema.org\",\"@graph\":[{\"@type\":\"WebPage\",\"@id\":\"https:\\\/\\\/imagefiguren.de\\\/en\\\/newsletter.html\",\"url\":\"https:\\\/\\\/imagefiguren.de\\\/en\\\/newsletter.html\",\"name\":\"Cartoon-Newsletter\",\"isPartOf\":{\"@id\":\"https:\\\/\\\/imagefiguren.de\\\/en\\\/#website\"},\"primaryImageOfPage\":{\"@id\":\"https:\\\/\\\/imagefiguren.de\\\/en\\\/newsletter.html#primaryimage\"},\"image\":{\"@id\":\"https:\\\/\\\/imagefiguren.de\\\/newsletter.html#primaryimage\"},\"thumbnailUrl\":\"https:\\\/\\\/imagefiguren.de\\\/wp-content\\\/uploads\\\/lustiger-cartoon-newsletter-screenshot-1-316x1024.jpg\",\"datePublished\":\"2018-08-15T12:16:16+00:00\",\"dateModified\":\"2018-08-18T08:56:06+00:00\",\"breadcrumb\":{\"@id\":\"https:\\\/\\\/imagefiguren.de\\\/en\\\/newsletter.html#breadcrumb\"},\"inLanguage\":\"en-US\",\"potentialAction\":[{\"@type\":\"ReadAction\",\"target\":[[\"https:\\\/\\\/imagefiguren.de\\\/en\\\/newsletter.html\"]]}]},{\"@type\":\"ImageObject\",\"inLanguage\":\"en-US\",\"@id\":\"https:\\\/\\\/imagefiguren.de\\\/en\\\/newsletter.html#primaryimage\",\"url\":\"https:\\\/\\\/imagefiguren.de\\\/wp-content\\\/uploads\\\/lustiger-cartoon-newsletter-screenshot-1-316x1024.jpg\",\"contentUrl\":\"https:\\\/\\\/imagefiguren.de\\\/wp-content\\\/uploads\\\/lustiger-cartoon-newsletter-screenshot-1-316x1024.jpg\"},{\"@type\":\"BreadcrumbList\",\"@id\":\"https:\\\/\\\/imagefiguren.de\\\/en\\\/newsletter.html#breadcrumb\",\"itemListElement\":[{\"@type\":\"ListItem\",\"position\":1,\"name\":\"Startseite\",\"item\":\"https:\\\/\\\/imagefiguren.de\\\/en\\\/\"},{\"@type\":\"ListItem\",\"position\":2,\"name\":\"Cartoon-Newsletter\"}]},{\"@type\":\"WebSite\",\"@id\":\"https:\\\/\\\/imagefiguren.de\\\/en\\\/#website\",\"url\":\"https:\\\/\\\/imagefiguren.de\\\/en\\\/\",\"name\":\"Imagefiguren by Armin Schoentag\",\"description\":\"Cartoons and Comics\",\"publisher\":{\"@id\":\"https:\\\/\\\/imagefiguren.de\\\/en\\\/#organization\"},\"potentialAction\":[{\"@type\":\"SearchAction\",\"target\":{\"@type\":\"EntryPoint\",\"urlTemplate\":\"https:\\\/\\\/imagefiguren.de\\\/en\\\/?s={search_term_string}\"},\"query-input\":{\"@type\":\"PropertyValueSpecification\",\"valueRequired\":true,\"valueName\":\"search_term_string\"}}],\"inLanguage\":\"en-US\"},{\"@type\":\"Organization\",\"@id\":\"https:\\\/\\\/imagefiguren.de\\\/en\\\/#organization\",\"name\":\"Imagefiguren by Armin Schoentag\",\"url\":\"https:\\\/\\\/imagefiguren.de\\\/en\\\/\",\"logo\":{\"@type\":\"ImageObject\",\"inLanguage\":\"en-US\",\"@id\":\"https:\\\/\\\/imagefiguren.de\\\/en\\\/#\\\/schema\\\/logo\\\/image\\\/\",\"url\":\"https:\\\/\\\/imagefiguren.de\\\/wp-content\\\/uploads\\\/logo-imagefiguren.jpg\",\"contentUrl\":\"https:\\\/\\\/imagefiguren.de\\\/wp-content\\\/uploads\\\/logo-imagefiguren.jpg\",\"width\":362,\"height\":83,\"caption\":\"Imagefiguren by Armin Schoentag\"},\"image\":{\"@id\":\"https:\\\/\\\/imagefiguren.de\\\/en\\\/#\\\/schema\\\/logo\\\/image\\\/\"},\"sameAs\":[\"https:\\\/\\\/www.facebook.com\\\/imagefiguren\\\/\",\"https:\\\/\\\/x.com\\\/Imagefiguren\",\"https:\\\/\\\/www.instagram.com\\\/imagefiguren\\\/\",\"https:\\\/\\\/de.linkedin.com\\\/in\\\/imagefiguren\",\"https:\\\/\\\/de.pinterest.com\\\/imagefiguren\\\/\",\"https:\\\/\\\/www.youtube.com\\\/c\\\/ImagefigurenDesign\",\"http:\\\/\\\/imagefiguren.tumblr.com\",\"https:\\\/\\\/www.xing.com\\\/profile\\\/Armin_Schoentag\"]}]}<\/script>\n<!-- \/ Yoast SEO plugin. -->","yoast_head_json":{"title":"Cartoon-Newsletter","robots":{"index":"index","follow":"follow","max-snippet":"max-snippet:-1","max-image-preview":"max-image-preview:large","max-video-preview":"max-video-preview:-1"},"canonical":"https:\/\/imagefiguren.de\/en\/newsletter.html","og_locale":"en_US","og_type":"article","og_title":"Cartoon-Newsletter","og_description":"Newsletter with funny Hitzlifitzli cartoon We provide you with our latest Hitzlifitzli cartoon, short and easy. Just enter your email-address &#8211; mark the privacy-checkbox and click on the button Subscribe Cartoon Newsletter For an overview about the latest cartoons please click here: Cartoons Under the following link you will find examples how to embed my &hellip; Continue reading \"Cartoon-Newsletter\"","og_url":"https:\/\/imagefiguren.de\/en\/newsletter.html","og_site_name":"Imagefiguren by Armin Schoentag","article_publisher":"https:\/\/www.facebook.com\/imagefiguren\/","article_modified_time":"2018-08-18T08:56:06+00:00","og_image":[{"url":"https:\/\/imagefiguren.de\/wp-content\/uploads\/lustiger-cartoon-newsletter-screenshot-1-316x1024.jpg","type":"","width":"","height":""}],"twitter_card":"summary_large_image","twitter_site":"@Imagefiguren","twitter_misc":{"Est. reading time":"1 minute"},"schema":{"@context":"https:\/\/schema.org","@graph":[{"@type":"WebPage","@id":"https:\/\/imagefiguren.de\/en\/newsletter.html","url":"https:\/\/imagefiguren.de\/en\/newsletter.html","name":"Cartoon-Newsletter","isPartOf":{"@id":"https:\/\/imagefiguren.de\/en\/#website"},"primaryImageOfPage":{"@id":"https:\/\/imagefiguren.de\/en\/newsletter.html#primaryimage"},"image":{"@id":"https:\/\/imagefiguren.de\/newsletter.html#primaryimage"},"thumbnailUrl":"https:\/\/imagefiguren.de\/wp-content\/uploads\/lustiger-cartoon-newsletter-screenshot-1-316x1024.jpg","datePublished":"2018-08-15T12:16:16+00:00","dateModified":"2018-08-18T08:56:06+00:00","breadcrumb":{"@id":"https:\/\/imagefiguren.de\/en\/newsletter.html#breadcrumb"},"inLanguage":"en-US","potentialAction":[{"@type":"ReadAction","target":[["https:\/\/imagefiguren.de\/en\/newsletter.html"]]}]},{"@type":"ImageObject","inLanguage":"en-US","@id":"https:\/\/imagefiguren.de\/en\/newsletter.html#primaryimage","url":"https:\/\/imagefiguren.de\/wp-content\/uploads\/lustiger-cartoon-newsletter-screenshot-1-316x1024.jpg","contentUrl":"https:\/\/imagefiguren.de\/wp-content\/uploads\/lustiger-cartoon-newsletter-screenshot-1-316x1024.jpg"},{"@type":"BreadcrumbList","@id":"https:\/\/imagefiguren.de\/en\/newsletter.html#breadcrumb","itemListElement":[{"@type":"ListItem","position":1,"name":"Startseite","item":"https:\/\/imagefiguren.de\/en\/"},{"@type":"ListItem","position":2,"name":"Cartoon-Newsletter"}]},{"@type":"WebSite","@id":"https:\/\/imagefiguren.de\/en\/#website","url":"https:\/\/imagefiguren.de\/en\/","name":"Imagefiguren by Armin Schoentag","description":"Cartoons and Comics","publisher":{"@id":"https:\/\/imagefiguren.de\/en\/#organization"},"potentialAction":[{"@type":"SearchAction","target":{"@type":"EntryPoint","urlTemplate":"https:\/\/imagefiguren.de\/en\/?s={search_term_string}"},"query-input":{"@type":"PropertyValueSpecification","valueRequired":true,"valueName":"search_term_string"}}],"inLanguage":"en-US"},{"@type":"Organization","@id":"https:\/\/imagefiguren.de\/en\/#organization","name":"Imagefiguren by Armin Schoentag","url":"https:\/\/imagefiguren.de\/en\/","logo":{"@type":"ImageObject","inLanguage":"en-US","@id":"https:\/\/imagefiguren.de\/en\/#\/schema\/logo\/image\/","url":"https:\/\/imagefiguren.de\/wp-content\/uploads\/logo-imagefiguren.jpg","contentUrl":"https:\/\/imagefiguren.de\/wp-content\/uploads\/logo-imagefiguren.jpg","width":362,"height":83,"caption":"Imagefiguren by Armin Schoentag"},"image":{"@id":"https:\/\/imagefiguren.de\/en\/#\/schema\/logo\/image\/"},"sameAs":["https:\/\/www.facebook.com\/imagefiguren\/","https:\/\/x.com\/Imagefiguren","https:\/\/www.instagram.com\/imagefiguren\/","https:\/\/de.linkedin.com\/in\/imagefiguren","https:\/\/de.pinterest.com\/imagefiguren\/","https:\/\/www.youtube.com\/c\/ImagefigurenDesign","http:\/\/imagefiguren.tumblr.com","https:\/\/www.xing.com\/profile\/Armin_Schoentag"]}]}},"_links":{"self":[{"href":"https:\/\/imagefiguren.de\/en\/wp-json\/wp\/v2\/pages\/1629","targetHints":{"allow":["GET"]}}],"collection":[{"href":"https:\/\/imagefiguren.de\/en\/wp-json\/wp\/v2\/pages"}],"about":[{"href":"https:\/\/imagefiguren.de\/en\/wp-json\/wp\/v2\/types\/page"}],"author":[{"embeddable":true,"href":"https:\/\/imagefiguren.de\/en\/wp-json\/wp\/v2\/users\/2"}],"replies":[{"embeddable":true,"href":"https:\/\/imagefiguren.de\/en\/wp-json\/wp\/v2\/comments?post=1629"}],"version-history":[{"count":3,"href":"https:\/\/imagefiguren.de\/en\/wp-json\/wp\/v2\/pages\/1629\/revisions"}],"predecessor-version":[{"id":1646,"href":"https:\/\/imagefiguren.de\/en\/wp-json\/wp\/v2\/pages\/1629\/revisions\/1646"}],"wp:attachment":[{"href":"https:\/\/imagefiguren.de\/en\/wp-json\/wp\/v2\/media?parent=1629"}],"curies":[{"name":"wp","href":"https:\/\/api.w.org\/{rel}","templated":true}]}}